{"id":3433,"date":"2022-01-03T16:16:43","date_gmt":"2022-01-03T19:16:43","guid":{"rendered":"https:\/\/acquaflorpaisagismo.com\/br\/?page_id=3433"},"modified":"2022-01-03T16:36:43","modified_gmt":"2022-01-03T19:36:43","slug":"visita-tecnica","status":"publish","type":"page","link":"https:\/\/acquaflorpaisagismo.com\/br\/visita-tecnica\/","title":{"rendered":"Visita T\u00e9cnica"},"content":{"rendered":"\t\t<div data-elementor-type=\"wp-page\" data-elementor-id=\"3433\" class=\"elementor elementor-3433\">\n\t\t\t\t\t\t\t\t\t<section class=\"has_eae_slider elementor-section elementor-top-section elementor-element elementor-element-aade68d elementor-section-boxed elementor-section-height-default elementor-section-height-default\" data-id=\"aade68d\" data-element_type=\"section\" data-settings=\"{&quot;background_background&quot;:&quot;classic&quot;}\">\n\t\t\t\t\t\t<div class=\"elementor-container elementor-column-gap-default\">\n\t\t\t\t\t<div class=\"has_eae_slider elementor-column elementor-col-100 elementor-top-column elementor-element elementor-element-6f3a618\" data-id=\"6f3a618\" data-element_type=\"column\">\n\t\t\t<div class=\"elementor-widget-wrap elementor-element-populated\">\n\t\t\t\t\t\t\t\t<section class=\"has_eae_slider elementor-section elementor-inner-section elementor-element elementor-element-253acb8 elementor-section-boxed elementor-section-height-default elementor-section-height-default\" data-id=\"253acb8\" data-element_type=\"section\">\n\t\t\t\t\t\t<div class=\"elementor-container elementor-column-gap-default\">\n\t\t\t\t\t<div class=\"has_eae_slider elementor-column elementor-col-100 elementor-inner-column elementor-element elementor-element-e92f9c0\" data-id=\"e92f9c0\" data-element_type=\"column\">\n\t\t\t<div class=\"elementor-widget-wrap elementor-element-populated\">\n\t\t\t\t\t\t\t\t<div class=\"elementor-element elementor-element-18bb932 elementor-widget elementor-widget-heading\" data-id=\"18bb932\" data-element_type=\"widget\" data-widget_type=\"heading.default\">\n\t\t\t\t<div class=\"elementor-widget-container\">\n\t\t\t<h2 class=\"elementor-heading-title elementor-size-xl\">SOLICITA\u00c7\u00c3O DE VISITA T\u00c9CNICA<\/h2>\t\t<\/div>\n\t\t\t\t<\/div>\n\t\t\t\t<div class=\"elementor-element elementor-element-4cd0495 elementor-widget elementor-widget-heading\" data-id=\"4cd0495\" data-element_type=\"widget\" data-widget_type=\"heading.default\">\n\t\t\t\t<div class=\"elementor-widget-container\">\n\t\t\t<h2 class=\"elementor-heading-title elementor-size-large\">Aten\u00e7\u00e3o para:<\/h2>\t\t<\/div>\n\t\t\t\t<\/div>\n\t\t\t\t<div class=\"elementor-element elementor-element-b482b12 elementor-icon-list--layout-traditional elementor-list-item-link-full_width elementor-widget elementor-widget-icon-list\" data-id=\"b482b12\" data-element_type=\"widget\" data-widget_type=\"icon-list.default\">\n\t\t\t\t<div class=\"elementor-widget-container\">\n\t\t\t\t\t<ul class=\"elementor-icon-list-items\">\n\t\t\t\t\t\t\t<li class=\"elementor-icon-list-item\">\n\t\t\t\t\t\t\t\t\t\t\t<span class=\"elementor-icon-list-icon\">\n\t\t\t\t\t\t\t<i aria-hidden=\"true\" class=\"far fa-calendar-alt\"><\/i>\t\t\t\t\t\t<\/span>\n\t\t\t\t\t\t\t\t\t\t<span class=\"elementor-icon-list-text\">Data do agendamento, a visita \u00e9 somente para os dias \u00fateis, s\u00e1bado, domingos e feriados, n\u00e3o agendamentos visita t\u00e9cnica<\/span>\n\t\t\t\t\t\t\t\t\t<\/li>\n\t\t\t\t\t\t\t\t<li class=\"elementor-icon-list-item\">\n\t\t\t\t\t\t\t\t\t\t\t<span class=\"elementor-icon-list-icon\">\n\t\t\t\t\t\t\t<i aria-hidden=\"true\" class=\"far fa-clock\"><\/i>\t\t\t\t\t\t<\/span>\n\t\t\t\t\t\t\t\t\t\t<span class=\"elementor-icon-list-text\">Respeite o hor\u00e1rio de agendamento <strong>d\u00e1s 08h \u00e0s 16h<\/strong><\/span>\n\t\t\t\t\t\t\t\t\t<\/li>\n\t\t\t\t\t\t\t\t<li class=\"elementor-icon-list-item\">\n\t\t\t\t\t\t\t\t\t\t\t<span class=\"elementor-icon-list-icon\">\n\t\t\t\t\t\t\t<i aria-hidden=\"true\" class=\"fas fa-user-clock\"><\/i>\t\t\t\t\t\t<\/span>\n\t\t\t\t\t\t\t\t\t\t<span class=\"elementor-icon-list-text\">A dura\u00e7\u00e3o de uma visita t\u00e9cnica tem uma dura\u00e7\u00e3o m\u00e9dia de 01h30min, em m\u00e9dia<\/span>\n\t\t\t\t\t\t\t\t\t<\/li>\n\t\t\t\t\t\t\t\t<li class=\"elementor-icon-list-item\">\n\t\t\t\t\t\t\t\t\t\t\t<span class=\"elementor-icon-list-icon\">\n\t\t\t\t\t\t\t<i aria-hidden=\"true\" class=\"far fa-file-pdf\"><\/i>\t\t\t\t\t\t<\/span>\n\t\t\t\t\t\t\t\t\t\t<span class=\"elementor-icon-list-text\">Todo or\u00e7amento ser\u00e1 enviado por e-mail, qualquer outro tipo de informa\u00e7\u00e3o de valores, datas e solicita\u00e7\u00e3o de materiais, n\u00e3o ser\u00e3o aceitos como um or\u00e7amento v\u00e1lido<\/span>\n\t\t\t\t\t\t\t\t\t<\/li>\n\t\t\t\t\t\t<\/ul>\n\t\t\t\t<\/div>\n\t\t\t\t<\/div>\n\t\t\t\t<div class=\"elementor-element elementor-element-3ffa21d elementor-widget elementor-widget-shortcode\" data-id=\"3ffa21d\" data-element_type=\"widget\" data-widget_type=\"shortcode.default\">\n\t\t\t\t<div class=\"elementor-widget-container\">\n\t\t\t\t\t<div class=\"elementor-shortcode\"><div class=\"caldera-grid\" id=\"caldera_form_1\" data-cf-ver=\"1.9.7\" data-cf-form-id=\"CF61d346fe1ed0a\"><div id=\"caldera_notices_1\" data-spinner=\"https:\/\/acquaflorpaisagismo.com\/br\/wp-admin\/images\/spinner.gif\"><\/div><form data-instance=\"1\" class=\"CF61d346fe1ed0a caldera_forms_form cfajax-trigger\" method=\"POST\" enctype=\"multipart\/form-data\" id=\"CF61d346fe1ed0a_1\" data-form-id=\"CF61d346fe1ed0a\" aria-label=\"Visita T&eacute;cnica\" data-target=\"#caldera_notices_1\" data-template=\"#cfajax_CF61d346fe1ed0a-tmpl\" data-cfajax=\"CF61d346fe1ed0a\" data-load-element=\"_parent\" data-load-class=\"cf_processing\" data-post-disable=\"0\" data-action=\"cf_process_ajax_submit\" data-request=\"https:\/\/acquaflorpaisagismo.com\/br\/cf-api\/CF61d346fe1ed0a\" data-hiderows=\"true\">\r\n<input type=\"hidden\" id=\"_cf_verify_CF61d346fe1ed0a\" name=\"_cf_verify\" value=\"3df2410687\"  data-nonce-time=\"1775929339\" \/><input type=\"hidden\" name=\"_wp_http_referer\" value=\"\/br\/wp-json\/wp\/v2\/pages\/3433\" \/><div id=\"cf2-CF61d346fe1ed0a_1\"><\/div><input type=\"hidden\" name=\"_cf_frm_id\" value=\"CF61d346fe1ed0a\">\r\n<input type=\"hidden\" name=\"_cf_frm_ct\" value=\"1\">\r\n<input type=\"hidden\" name=\"cfajax\" value=\"CF61d346fe1ed0a\">\r\n<input type=\"hidden\" name=\"_cf_cr_pst\" value=\"3433\">\r\n<div class=\"hide\" style=\"display:none; overflow:hidden;height:0;width:0;\">\r\n<label>Nome<\/label><input type=\"text\" name=\"name\" value=\"\" autocomplete=\"off\">\r\n<\/div><div id=\"CF61d346fe1ed0a_1-row-1\"  class=\"row  first_row\"><div  class=\"col-sm-12  single\"><div data-field-wrapper=\"fld_4223717\" class=\"form-group\" id=\"fld_4223717_1-wrap\">\r\n\t<label id=\"fld_4223717Label\" for=\"fld_4223717_1\" class=\"control-label\">Nome Completo<\/label>\r\n\t<div class=\"\">\r\n\t\t<input    type=\"text\" data-field=\"fld_4223717\" class=\" form-control\" id=\"fld_4223717_1\" name=\"fld_4223717\" value=\"\" data-type=\"text\"   aria-labelledby=\"fld_4223717Label\" >\t\t\t<\/div>\r\n<\/div>\r\n<div data-field-wrapper=\"fld_5191203\" class=\"form-group\" id=\"fld_5191203_1-wrap\">\r\n\t<label id=\"fld_5191203Label\" for=\"fld_5191203_1\" class=\"control-label\">Informe um e-mail para enviarmos o or\u00e7amento <span aria-hidden=\"true\" role=\"presentation\" class=\"field_required\" style=\"color:#ee0000;\">*<\/span><\/label>\r\n\t<div class=\"\">\r\n\t\t<input placeholder=\"Informe o motivo da visita. Ex.: Arrumar meu Jardim, etc\"  required type=\"email\" data-field=\"fld_5191203\" class=\" form-control\" id=\"fld_5191203_1\" name=\"fld_5191203\" value=\"\" data-type=\"email\" aria-required=\"true\"   aria-labelledby=\"fld_5191203Label\" >\t\t\t<\/div>\r\n<\/div>\r\n<div data-field-wrapper=\"fld_2020985\" class=\"form-group\" id=\"fld_2020985_1-wrap\">\r\n\t<label id=\"fld_2020985Label\" for=\"fld_2020985_1\" class=\"control-label\">Endere\u00e7o Completo <span aria-hidden=\"true\" role=\"presentation\" class=\"field_required\" style=\"color:#ee0000;\">*<\/span><\/label>\r\n\t<div class=\"\">\r\n\t\t<textarea name=\"fld_2020985\" value=\"Endere\u00e7o: \nBairro: \nCidade\/UF: \" data-field=\"fld_2020985\" class=\"form-control\" id=\"fld_2020985_1\" rows=\"3\" default=\"Endere\u00e7o: \nBairro: \nCidade\/UF: \"  required=\"required\"  aria-labelledby=\"fld_2020985Label\" >Endere\u00e7o: \nBairro: \nCidade\/UF: <\/textarea>\n\t\t\t<\/div>\r\n<\/div>\r\n<div data-field-wrapper=\"fld_9897596\" class=\"form-group\" id=\"fld_9897596_1-wrap\">\r\n<label id=\"fld_9897596Label\" for=\"fld_9897596_1\" class=\"control-label\">A visita \u00e9 para:<\/label>\r\n<div class=\"\">\r\n\t\t\t\t<label class=\"radio-inline\" data-label=\"Residencia\" for=\"fld_9897596_1_opt1882332\"><input type=\"radio\" id=\"fld_9897596_1_opt1882332\" data-field=\"fld_9897596\" class=\"fld_9897596_1\" name=\"fld_9897596\" value=\"Residencia\" checked=\"checked\"   data-radio-field=\"fld_9897596_1\" data-type=\"radio\" data-calc-value=\"Residencia\" \/>\n\t\t\tResidencia\t\t<\/label>\n\t\t\t\t\t\t\t\t<label class=\"radio-inline\" data-label=\"Condom\u00ednio\" for=\"fld_9897596_1_opt668010\"><input type=\"radio\" id=\"fld_9897596_1_opt668010\" data-field=\"fld_9897596\" class=\"fld_9897596_1\" name=\"fld_9897596\" value=\"Condom\u00ednio\"    data-radio-field=\"fld_9897596_1\" data-type=\"radio\" data-calc-value=\"Condom\u00ednio\" \/>\n\t\t\tCondom\u00ednio\t\t<\/label>\n\t\t\t\t\t\t\t\t<label class=\"radio-inline\" data-label=\"Apartamento\" for=\"fld_9897596_1_opt3108258\"><input type=\"radio\" id=\"fld_9897596_1_opt3108258\" data-field=\"fld_9897596\" class=\"fld_9897596_1\" name=\"fld_9897596\" value=\"Apartamento\"    data-radio-field=\"fld_9897596_1\" data-type=\"radio\" data-calc-value=\"Apartamento\" \/>\n\t\t\tApartamento\t\t<\/label>\n\t\t\t\t\t\t\t\t<label class=\"radio-inline\" data-label=\"Empresa\" for=\"fld_9897596_1_opt3175657\"><input type=\"radio\" id=\"fld_9897596_1_opt3175657\" data-field=\"fld_9897596\" class=\"fld_9897596_1\" name=\"fld_9897596\" value=\"Empresa\"    data-radio-field=\"fld_9897596_1\" data-type=\"radio\" data-calc-value=\"Empresa\" \/>\n\t\t\tEmpresa\t\t<\/label>\n\t\t\t\t\t\t\t\t<label class=\"radio-inline\" data-label=\"Escola\/Faculdade\" for=\"fld_9897596_1_opt4891262\"><input type=\"radio\" id=\"fld_9897596_1_opt4891262\" data-field=\"fld_9897596\" class=\"fld_9897596_1\" name=\"fld_9897596\" value=\"Escola\/Faculdade\"    data-radio-field=\"fld_9897596_1\" data-type=\"radio\" data-calc-value=\"Escola\/Faculdade\" \/>\n\t\t\tEscola\/Faculdade\t\t<\/label>\n\t\t\t\t<\/div>\r\n<\/div>\r\n<\/div><\/div><div id=\"CF61d346fe1ed0a_1-row-2\"  class=\"row \"><div  class=\"col-sm-6  first_col\"><div data-field-wrapper=\"fld_2232776\" class=\"form-group\" id=\"fld_2232776_1-wrap\">\r\n\t<label id=\"fld_2232776Label\" for=\"fld_2232776_1\" class=\"control-label\">Telefone Fixo\/Escrit\u00f3rio<\/label>\r\n\t<div class=\"\">\r\n\t\t<input  data-inputmask=\"'mask': '(99) 9-9999-9999'\"   type=\"text\" data-field=\"fld_2232776\" class=\" form-control\" id=\"fld_2232776_1\" name=\"fld_2232776\" value=\"\" data-type=\"text\"   aria-labelledby=\"fld_2232776Label\" >\t\t\t<\/div>\r\n<\/div>\r\n<\/div><div  class=\"col-sm-6  last_col\"><div data-field-wrapper=\"fld_8157807\" class=\"form-group\" id=\"fld_8157807_1-wrap\">\r\n\t<label id=\"fld_8157807Label\" for=\"fld_8157807_1\" class=\"control-label\">WhatsApp\/Telegram <span aria-hidden=\"true\" role=\"presentation\" class=\"field_required\" style=\"color:#ee0000;\">*<\/span><\/label>\r\n\t<div class=\"\">\r\n\t\t<input  data-inputmask=\"'mask': '(99) 9-9999-9999'\"  required type=\"text\" data-field=\"fld_8157807\" class=\" form-control\" id=\"fld_8157807_1\" name=\"fld_8157807\" value=\"\" data-type=\"text\" aria-required=\"true\"   aria-labelledby=\"fld_8157807Label\" >\t\t\t<\/div>\r\n<\/div>\r\n<\/div><\/div><div id=\"CF61d346fe1ed0a_1-row-3\"  class=\"row \"><div  class=\"col-sm-6  first_col\"><div data-field-wrapper=\"fld_1617365\" class=\"form-group\" id=\"fld_1617365_1-wrap\">\r\n\t<label id=\"fld_1617365Label\" for=\"fld_1617365_1\" class=\"control-label\">Data <span aria-hidden=\"true\" role=\"presentation\" class=\"field_required\" style=\"color:#ee0000;\">*<\/span><\/label>\r\n\t<div class=\"\">\r\n\t\t<input   required type=\"date\" data-field=\"fld_1617365\" class=\" form-control\" id=\"fld_1617365_1\" name=\"fld_1617365\" value=\"\" data-type=\"date\" aria-required=\"true\"   aria-labelledby=\"fld_1617365Label\" >\t\t\t<\/div>\r\n<\/div>\r\n<\/div><div  class=\"col-sm-6  last_col\"><div data-field-wrapper=\"fld_4534987\" class=\"form-group\" id=\"fld_4534987_1-wrap\">\r\n\t<label id=\"fld_4534987Label\" for=\"fld_4534987_1\" class=\"control-label\">Hora <span aria-hidden=\"true\" role=\"presentation\" class=\"field_required\" style=\"color:#ee0000;\">*<\/span><\/label>\r\n\t<div class=\"\">\r\n\t\t<input   required type=\"time\" data-field=\"fld_4534987\" class=\" form-control\" id=\"fld_4534987_1\" name=\"fld_4534987\" value=\"\" data-type=\"time\" aria-required=\"true\"   aria-labelledby=\"fld_4534987Label\" >\t\t\t<\/div>\r\n<\/div>\r\n<\/div><\/div><div id=\"CF61d346fe1ed0a_1-row-4\"  class=\"row \"><div  class=\"col-sm-12  single\"><div class=\"\"><p><strong>NOTA:<\/strong> Lembrando de que esta s\u00e3o apenas um pr\u00e9-agendamento. Assim que confirmarmos enviaremos uma confirma\u00e7\u00e3o, da hora solicitada ou um poss\u00edvel reagendamento, na qual aguardaremos a sua confirma\u00e7\u00e3o.<\/p>\n<\/div><\/div><\/div><div id=\"CF61d346fe1ed0a_1-row-5\"  class=\"row \"><div  class=\"col-sm-12  single\"><div data-field-wrapper=\"fld_2385237\" class=\"form-group\" id=\"fld_2385237_1-wrap\">\r\n\t<label id=\"fld_2385237Label\" for=\"fld_2385237_1\" class=\"control-label\">Assunto <span aria-hidden=\"true\" role=\"presentation\" class=\"field_required\" style=\"color:#ee0000;\">*<\/span><\/label>\r\n\t<div class=\"\">\r\n\t\t<input   required type=\"text\" data-field=\"fld_2385237\" class=\" form-control\" id=\"fld_2385237_1\" name=\"fld_2385237\" value=\"\" data-type=\"text\" aria-required=\"true\"   aria-labelledby=\"fld_2385237Label\" >\t\t\t<\/div>\r\n<\/div>\r\n<\/div><\/div><div id=\"CF61d346fe1ed0a_1-row-6\"  class=\"row \"><div  class=\"col-sm-12  single\"><div data-field-wrapper=\"fld_7145285\" class=\"form-group\" id=\"fld_7145285_1-wrap\">\r\n\t<label id=\"fld_7145285Label\" for=\"fld_7145285_1\" class=\"control-label\">Mensagem<\/label>\r\n\t<div class=\"\">\r\n\t\t<textarea name=\"fld_7145285\" value=\"\" data-field=\"fld_7145285\" class=\"form-control\" id=\"fld_7145285_1\" rows=\"4\" placeholder=\"Descreva de forma clara a sua visita.\"    aria-labelledby=\"fld_7145285Label\" ><\/textarea>\n\t\t\t<\/div>\r\n<\/div>\r\n<\/div><\/div><div id=\"CF61d346fe1ed0a_1-row-7\"  class=\"row \"><div  class=\"col-sm-12  single\"><div id=\"cf2-fld_7660150_1\" class=\"cf2-field-wrapper\" data-field-id=\"fld_7660150_1\"><\/div><\/div><\/div><div id=\"CF61d346fe1ed0a_1-row-8\"  class=\"row  last_row\"><div  class=\"col-sm-12  single\"><div data-field-wrapper=\"fld_7409921\" class=\"form-group\" id=\"fld_7409921_1-wrap\">\r\n<div class=\"\">\r\n\t<input  class=\"btn btn-default\" type=\"submit\" name=\"fld_7409921\" id=\"fld_7409921_1\" value=\"Enviar Pr\u00e9-Agendamento\" data-field=\"fld_7409921\"  >\n<\/div>\r\n<\/div>\r\n\t<input class=\"button_trigger_1\" type=\"hidden\" name=\"fld_7409921\" id=\"fld_7409921_1_btn\" value=\"\" data-field=\"fld_7409921\"  \/>\n<\/div><\/div><\/form>\r\n<\/div>\r\n<\/div>\n\t\t\t\t<\/div>\n\t\t\t\t<\/div>\n\t\t\t\t\t<\/div>\n\t\t<\/div>\n\t\t\t\t\t\t\t<\/div>\n\t\t<\/section>\n\t\t\t\t\t<\/div>\n\t\t<\/div>\n\t\t\t\t\t\t\t<\/div>\n\t\t<\/section>\n\t\t\t\t\t\t\t<\/div>\n\t\t","protected":false},"excerpt":{"rendered":"<p>SOLICITA\u00c7\u00c3O DE VISITA T\u00c9CNICA Aten\u00e7\u00e3o para: Data do agendamento, a visita \u00e9 somente para os dias \u00fateis, s\u00e1bado, domingos e feriados, n\u00e3o agendamentos visita t\u00e9cnica Respeite o hor\u00e1rio de agendamento d\u00e1s 08h \u00e0s 16h A dura\u00e7\u00e3o de uma visita t\u00e9cnica tem uma dura\u00e7\u00e3o m\u00e9dia de 01h30min, em m\u00e9dia Todo or\u00e7amento ser\u00e1 enviado por e-mail, qualquer&hellip;<\/p>\n","protected":false},"author":1,"featured_media":0,"parent":0,"menu_order":0,"comment_status":"closed","ping_status":"closed","template":"","meta":[],"aioseo_notices":[],"_links":{"self":[{"href":"https:\/\/acquaflorpaisagismo.com\/br\/wp-json\/wp\/v2\/pages\/3433"}],"collection":[{"href":"https:\/\/acquaflorpaisagismo.com\/br\/wp-json\/wp\/v2\/pages"}],"about":[{"href":"https:\/\/acquaflorpaisagismo.com\/br\/wp-json\/wp\/v2\/types\/page"}],"author":[{"embeddable":true,"href":"https:\/\/acquaflorpaisagismo.com\/br\/wp-json\/wp\/v2\/users\/1"}],"replies":[{"embeddable":true,"href":"https:\/\/acquaflorpaisagismo.com\/br\/wp-json\/wp\/v2\/comments?post=3433"}],"version-history":[{"count":16,"href":"https:\/\/acquaflorpaisagismo.com\/br\/wp-json\/wp\/v2\/pages\/3433\/revisions"}],"predecessor-version":[{"id":3451,"href":"https:\/\/acquaflorpaisagismo.com\/br\/wp-json\/wp\/v2\/pages\/3433\/revisions\/3451"}],"wp:attachment":[{"href":"https:\/\/acquaflorpaisagismo.com\/br\/wp-json\/wp\/v2\/media?parent=3433"}],"curies":[{"name":"wp","href":"https:\/\/api.w.org\/{rel}","templated":true}]}}